{"id":213,"date":"2021-04-23T14:42:39","date_gmt":"2021-04-23T21:42:39","guid":{"rendered":"https:\/\/rodrigo-amarante.com\/contato\/"},"modified":"2023-02-21T11:55:20","modified_gmt":"2023-02-21T19:55:20","slug":"contato","status":"publish","type":"page","link":"https:\/\/rodrigo-amarante.com\/pt-br\/contato\/","title":{"rendered":"Contato"},"content":{"rendered":"\n<div class=\"wp-block-columns\">\n<div class=\"wp-block-column\">\n<h4>Gest\u00e3o<\/h4>\n\n\n\n<p><a href=\"mailto:gary@724management.com\">Gary Walker<\/a>, 724 Management<\/p>\n\n\n\n<h4>Gravadora<\/h4>\n\n\n\n<p><a href=\"mailto:natalie@polyvinylrecords.com\" target=\"_blank\" rel=\"noreferrer noopener\">Natalie Davila<\/a>, Polyvinyl Records<\/p>\n\n\n\n<h4>Pedidos pelo correio<\/h4>\n\n\n\n<p><a href=\"mailto:mailorder@polyvinylrecords.com\" target=\"_blank\" rel=\"noreferrer noopener\">mailorder@polyvinylrecords.com<\/a><\/p>\n<\/div>\n\n\n\n<div class=\"wp-block-column\">\n<h4>Booking (Am\u00e9rica do Norte)<\/h4>\n\n\n\n<p><a href=\"mailto:twalker@outermostagency.com\" target=\"_blank\" rel=\"noreferrer noopener\">Todd Walker<\/a>, Outer\/Most Agency<\/p>\n\n\n\n<h4>Booking (EU\/UK)<\/h4>\n\n\n\n<p><a href=\"mailto:nikita@playbookartists.com\" target=\"_blank\" rel=\"noreferrer noopener\">Nikita Lavrinenko<\/a>, PlayBook Artists<\/p>\n<\/div>\n<\/div>\n\n\n\n<h4>Imprensa<\/h4>\n\n\n\n<figure class=\"wp-block-table is-style-stripes\"><table><thead><tr><th>Territ\u00f3rio<\/th><th>Publicista<\/th><th>Companhia<\/th><\/tr><\/thead><tbody><tr><td>USA<\/td><td><a href=\"mailto:sam@pitchperfectpr.com\" target=\"_blank\" rel=\"noreferrer noopener\">Sam McAllister<\/a><\/td><td>Pitch Perfect PR<\/td><\/tr><tr><td>UK<\/td><td><a href=\"mailto:steve@carryonpress.co.uk\" target=\"_blank\" rel=\"noreferrer noopener\">Steve Phillips<\/a><\/td><td>Carry On Press<\/td><\/tr><tr><td>Brasil<\/td><td><a href=\"mailto:prabebel@gmail.com\" target=\"_blank\" rel=\"noreferrer noopener\">Bebel Prates<\/a><\/td><td>Assessoria de Comunica\u00e7\u00e3o<\/td><\/tr><tr><td>Am\u00e9rica do Sul<\/td><td><a href=\"mailto:paty@dmusicmarketing.com\" target=\"_blank\" rel=\"noreferrer noopener\">Paty Zapata<\/a> &amp; <a href=\"mailto:adel@dmusicmarketing.com\" target=\"_blank\" rel=\"noreferrer noopener\">Adel Hattem<\/a><\/td><td>D Music Marketing<\/td><\/tr><tr><td>Fran\u00e7a<\/td><td><a href=\"mailto:valerie_janin@yahoo.fr\" target=\"_blank\" rel=\"noreferrer noopener\">Val\u00e9rie Janin<\/a> &amp; <a href=\"mailto:jpaline@beggars.com\" target=\"_blank\" rel=\"noreferrer noopener\">Jean-Philippe Aline<\/a><\/td><td><\/td><\/tr><tr><td>Alemanha<\/td><td><a href=\"mailto:sven@verstaerker.com\" target=\"_blank\" rel=\"noreferrer noopener\">Sven St\u00e4dtler<\/a><\/td><td>verst\u00e4rker<\/td><\/tr><tr><td>It\u00e1lia<\/td><td><a href=\"mailto:carla@rougepromo.com\" target=\"_blank\" rel=\"noreferrer noopener\">Carla Zerbi<\/a><\/td><td>Rouge Promo<\/td><\/tr><tr><td>Espanha<\/td><td><a href=\"mailto:david@sonde3.com\" target=\"_blank\" rel=\"noreferrer noopener\">David Moya<\/a><\/td><td>Sonde 3<\/td><\/tr><tr><td>Portugal<\/td><td><a href=\"mailto:%20andreia.criner@livecom.pt\">Andreia Criner<\/a> &amp; <a href=\"mailto:%20raquel.louca@livecom.pt\">Raquel Lou\u00e7\u00e3<\/a><\/td><td>LiveCom<\/td><\/tr><\/tbody><\/table><\/figure>\n\n\n\n<p><\/p>\n","protected":false},"excerpt":{"rendered":"<p>Gest\u00e3o Gary Walker, 724 Management Gravadora Natalie Davila, Polyvinyl Records Pedidos pelo correio mailorder@polyvinylrecords.com Booking (Am\u00e9rica do Norte) Todd Walker, Outer\/Most Agency Booking (EU\/UK) Nikita Lavrinenko, PlayBook Artists Imprensa Territ\u00f3rio Publicista Companhia USA Sam McAllister Pitch Perfect PR UK Steve Phillips Carry On Press Brasil Bebel Prates Assessoria de Comunica\u00e7\u00e3o Am\u00e9rica do Sul Paty Zapata [&hellip;]<\/p>\n","protected":false},"author":1,"featured_media":0,"parent":0,"menu_order":0,"comment_status":"closed","ping_status":"closed","template":"","meta":[],"acf":[],"yoast_head":"<!-- This site is optimized with the Yoast SEO plugin v17.9 - https:\/\/yoast.com\/wordpress\/plugins\/seo\/ -->\n<title>Contato - Rodrigo Amarante<\/title>\n<meta name=\"robots\" content=\"index, follow, max-snippet:-1, max-image-preview:large, max-video-preview:-1\" \/>\n<link rel=\"canonical\" href=\"https:\/\/rodrigo-amarante.com\/pt-br\/contato\/\" \/>\n<meta property=\"og:locale\" content=\"pt_BR\" \/>\n<meta property=\"og:type\" content=\"article\" \/>\n<meta property=\"og:title\" content=\"Contato - Rodrigo Amarante\" \/>\n<meta property=\"og:description\" content=\"Gest\u00e3o Gary Walker, 724 Management Gravadora Natalie Davila, Polyvinyl Records Pedidos pelo correio mailorder@polyvinylrecords.com Booking (Am\u00e9rica do Norte) Todd Walker, Outer\/Most Agency Booking (EU\/UK) Nikita Lavrinenko, PlayBook Artists Imprensa Territ\u00f3rio Publicista Companhia USA Sam McAllister Pitch Perfect PR UK Steve Phillips Carry On Press Brasil Bebel Prates Assessoria de Comunica\u00e7\u00e3o Am\u00e9rica do Sul Paty Zapata [&hellip;]\" \/>\n<meta property=\"og:url\" content=\"https:\/\/rodrigo-amarante.com\/pt-br\/contato\/\" \/>\n<meta property=\"og:site_name\" content=\"Rodrigo Amarante\" \/>\n<meta property=\"article:modified_time\" content=\"2023-02-21T19:55:20+00:00\" \/>\n<meta name=\"twitter:card\" content=\"summary_large_image\" \/>\n<meta name=\"twitter:label1\" content=\"Est. tempo de leitura\" \/>\n\t<meta name=\"twitter:data1\" content=\"1 minuto\" \/>\n<script type=\"application\/ld+json\" class=\"yoast-schema-graph\">{\"@context\":\"https:\/\/schema.org\",\"@graph\":[{\"@type\":\"WebSite\",\"@id\":\"https:\/\/rodrigo-amarante.com\/en\/#website\",\"url\":\"https:\/\/rodrigo-amarante.com\/en\/\",\"name\":\"Rodrigo Amarante\",\"description\":\"NY-based songwriter and multi-instrumentalist\",\"potentialAction\":[{\"@type\":\"SearchAction\",\"target\":{\"@type\":\"EntryPoint\",\"urlTemplate\":\"https:\/\/rodrigo-amarante.com\/en\/?s={search_term_string}\"},\"query-input\":\"required name=search_term_string\"}],\"inLanguage\":\"pt-BR\"},{\"@type\":\"WebPage\",\"@id\":\"https:\/\/rodrigo-amarante.com\/pt-br\/contato\/#webpage\",\"url\":\"https:\/\/rodrigo-amarante.com\/pt-br\/contato\/\",\"name\":\"Contato - Rodrigo Amarante\",\"isPartOf\":{\"@id\":\"https:\/\/rodrigo-amarante.com\/en\/#website\"},\"datePublished\":\"2021-04-23T21:42:39+00:00\",\"dateModified\":\"2023-02-21T19:55:20+00:00\",\"breadcrumb\":{\"@id\":\"https:\/\/rodrigo-amarante.com\/pt-br\/contato\/#breadcrumb\"},\"inLanguage\":\"pt-BR\",\"potentialAction\":[{\"@type\":\"ReadAction\",\"target\":[\"https:\/\/rodrigo-amarante.com\/pt-br\/contato\/\"]}]},{\"@type\":\"BreadcrumbList\",\"@id\":\"https:\/\/rodrigo-amarante.com\/pt-br\/contato\/#breadcrumb\",\"itemListElement\":[{\"@type\":\"ListItem\",\"position\":1,\"name\":\"Home\",\"item\":\"https:\/\/rodrigo-amarante.com\/pt-br\/\"},{\"@type\":\"ListItem\",\"position\":2,\"name\":\"Contato\"}]}]}<\/script>\n<!-- \/ Yoast SEO plugin. -->","yoast_head_json":{"title":"Contato - Rodrigo Amarante","robots":{"index":"index","follow":"follow","max-snippet":"max-snippet:-1","max-image-preview":"max-image-preview:large","max-video-preview":"max-video-preview:-1"},"canonical":"https:\/\/rodrigo-amarante.com\/pt-br\/contato\/","og_locale":"pt_BR","og_type":"article","og_title":"Contato - Rodrigo Amarante","og_description":"Gest\u00e3o Gary Walker, 724 Management Gravadora Natalie Davila, Polyvinyl Records Pedidos pelo correio mailorder@polyvinylrecords.com Booking (Am\u00e9rica do Norte) Todd Walker, Outer\/Most Agency Booking (EU\/UK) Nikita Lavrinenko, PlayBook Artists Imprensa Territ\u00f3rio Publicista Companhia USA Sam McAllister Pitch Perfect PR UK Steve Phillips Carry On Press Brasil Bebel Prates Assessoria de Comunica\u00e7\u00e3o Am\u00e9rica do Sul Paty Zapata [&hellip;]","og_url":"https:\/\/rodrigo-amarante.com\/pt-br\/contato\/","og_site_name":"Rodrigo Amarante","article_modified_time":"2023-02-21T19:55:20+00:00","twitter_card":"summary_large_image","twitter_misc":{"Est. tempo de leitura":"1 minuto"},"schema":{"@context":"https:\/\/schema.org","@graph":[{"@type":"WebSite","@id":"https:\/\/rodrigo-amarante.com\/en\/#website","url":"https:\/\/rodrigo-amarante.com\/en\/","name":"Rodrigo Amarante","description":"NY-based songwriter and multi-instrumentalist","potentialAction":[{"@type":"SearchAction","target":{"@type":"EntryPoint","urlTemplate":"https:\/\/rodrigo-amarante.com\/en\/?s={search_term_string}"},"query-input":"required name=search_term_string"}],"inLanguage":"pt-BR"},{"@type":"WebPage","@id":"https:\/\/rodrigo-amarante.com\/pt-br\/contato\/#webpage","url":"https:\/\/rodrigo-amarante.com\/pt-br\/contato\/","name":"Contato - Rodrigo Amarante","isPartOf":{"@id":"https:\/\/rodrigo-amarante.com\/en\/#website"},"datePublished":"2021-04-23T21:42:39+00:00","dateModified":"2023-02-21T19:55:20+00:00","breadcrumb":{"@id":"https:\/\/rodrigo-amarante.com\/pt-br\/contato\/#breadcrumb"},"inLanguage":"pt-BR","potentialAction":[{"@type":"ReadAction","target":["https:\/\/rodrigo-amarante.com\/pt-br\/contato\/"]}]},{"@type":"BreadcrumbList","@id":"https:\/\/rodrigo-amarante.com\/pt-br\/contato\/#breadcrumb","itemListElement":[{"@type":"ListItem","position":1,"name":"Home","item":"https:\/\/rodrigo-amarante.com\/pt-br\/"},{"@type":"ListItem","position":2,"name":"Contato"}]}]}},"_links":{"self":[{"href":"https:\/\/rodrigo-amarante.com\/pt-br\/wp-json\/wp\/v2\/pages\/213"}],"collection":[{"href":"https:\/\/rodrigo-amarante.com\/pt-br\/wp-json\/wp\/v2\/pages"}],"about":[{"href":"https:\/\/rodrigo-amarante.com\/pt-br\/wp-json\/wp\/v2\/types\/page"}],"author":[{"embeddable":true,"href":"https:\/\/rodrigo-amarante.com\/pt-br\/wp-json\/wp\/v2\/users\/1"}],"replies":[{"embeddable":true,"href":"https:\/\/rodrigo-amarante.com\/pt-br\/wp-json\/wp\/v2\/comments?post=213"}],"version-history":[{"count":12,"href":"https:\/\/rodrigo-amarante.com\/pt-br\/wp-json\/wp\/v2\/pages\/213\/revisions"}],"predecessor-version":[{"id":518,"href":"https:\/\/rodrigo-amarante.com\/pt-br\/wp-json\/wp\/v2\/pages\/213\/revisions\/518"}],"wp:attachment":[{"href":"https:\/\/rodrigo-amarante.com\/pt-br\/wp-json\/wp\/v2\/media?parent=213"}],"curies":[{"name":"wp","href":"https:\/\/api.w.org\/{rel}","templated":true}]}}